{"id":26,"date":"2024-02-25T18:58:10","date_gmt":"2024-02-25T17:58:10","guid":{"rendered":"https:\/\/ilvillaggiodelpassante.it\/opera\/WP\/?page_id=26"},"modified":"2024-08-05T08:13:31","modified_gmt":"2024-08-05T06:13:31","slug":"chi-siamo","status":"publish","type":"page","link":"https:\/\/ilvillaggiodelpassante.it\/opera\/WP\/chi-siamo\/","title":{"rendered":"Chi siamo"},"content":{"rendered":"\n<figure class=\"wp-block-pullquote\"><blockquote><p>\u00abDa una educazione iniziale molto curata nasceranno vantaggi immensi e tali da abbracciare anche tutti gli aspetti pi\u00f9 importanti del benessere pubblico.\u00bb<\/p><cite>T<small>ancredi di Barolo<\/small><\/cite><\/blockquote><\/figure>\n\n\n\n<p>Noi, comunit\u00e0 educante della Scuola Barolo di Venaria (religiosi e laici), fondiamo la nostra opera sulla convinzione che, nella societ\u00e0 odierna, una scuola si deve caratterizzare non soltanto per la capacit\u00e0 di trasmettere cultura (cosa che rimane, ovviamente, un obiettivo centrale, dal momento che si tratta di una scuola e che la preparazione \u00e8 fondamentale per inserirsi con successo nel mondo dell&#8217;Universit\u00e0 o del lavoro), ma soprattutto per la capacit\u00e0 di fare formazione, cio\u00e8 di preparare gli studenti ad essere innanzi tutto uomini e donne completi, capaci di riflettere, di esprimere giudizi, di fare scelte coerenti, di progettare il proprio futuro.<\/p>\n\n\n\n<p>Nella Scuola Barolo di Venaria \u00e8 presente la congregazione delle Suore di S. Anna, la cui azione apostolica \u00e8 attualmente diffusa in Italia, nella Svizzera, nell&#8217;India, negli Stati Uniti, in Brasile, nel Messico, nel Per\u00f9, in Argentina, nel Camerun e in molti altri Paesi del mondo.<\/p>\n\n\n\n<p>Il carisma educativo che vede Suore e Laici impegnati a lavorare con i giovani, dalle Scuole dell&#8217;Infanzia alle soglie dell&#8217;Universit\u00e0 \u00e8 stato donato fin dal primo Ottocento dai Coniugi Marchesi di Barolo.<\/p>\n\n\n\n<p><strong>Juliet Colbert di Maulevrier<\/strong> e <strong>Carlo Tancredi Falletti di Barolo<\/strong>, personalit\u00e0 insigni nell&#8217;Europa dell&#8217;Ottocento, hanno fondato nel 1834 le Suore di S. Anna, una Congregazione di religiose &#8220;educanti&#8221; ed hanno creato un sistema formativo per cui sono considerati ancora oggi dei precursori nel campo pedagogico.<\/p>\n\n\n\n<p>Dal nome dei fondatori, <strong>Carlo Tancredi Falletti<\/strong> e <strong>Juliet Colbert di Maulevrier Marchesi di Barolo<\/strong>, la scuola primaria viene chiamata semplicemente &#8220;<strong>BAROLO<\/strong>&#8220;.<\/p>\n\n\n\n<p>Infatti per interessamento del Marchese Carlo Tancredi, nel 1834, appoggiando la richiesta al Comune di Borgaro, da cui allora Altessano dipendeva, e rivolgendosi allo stesso Ministro dell&#8217;Interno, ebbero inizio le Scuole maschili, che furono le prime nel Regno del Piemonte in Italia.<\/p>\n\n\n\n<p>Nel 1837 i Marchesi di Barolo vi aggiunsero una sezione femminile. In quello stesso anno facevano il loro ingresso nelle scuole Barolo le suore di Sant&#8217;Anna. La Congregazione delle suore di Sant&#8217;Anna era sorta a Torino nel 1834 per iniziativa del Marchese Carlo Tancredi che volle offrire alla Chiesa ed alla societ\u00e0 un Istituto che si dedicasse alla formazione della giovent\u00f9 appartenente a famiglie bisognose.<\/p>\n\n\n\n<p>Fedele alla sua storia di continuit\u00e0, espressa nel testamento della Marchesa, oggi la scuola Barolo, gestita dall\u2019Opera Barolo di Torino, accoglie una popolazione scolastica proveniente da tutti i ceti sociali, venendo incontro a quelle famiglie che, condividendo la finalit\u00e0 educativa della scuola, si trovano in condizione di disagio.<\/p>\n","protected":false},"excerpt":{"rendered":"<p>\u00abDa una educazione iniziale molto curata nasceranno vantaggi immensi e tali da abbracciare anche tutti gli aspetti pi\u00f9 importanti del benessere pubblico.\u00bb Tancredi di Barolo Noi, comunit\u00e0 educante della Scuola Barolo di Venaria (religiosi e laici), fondiamo la nostra opera sulla convinzione che, nella societ\u00e0 odierna, una scuola si deve caratterizzare non soltanto per la [&hellip;]<\/p>\n","protected":false},"author":1,"featured_media":776,"parent":0,"menu_order":0,"comment_status":"closed","ping_status":"closed","template":"","meta":{"_stopmodifiedupdate":false,"_modified_date":"","_uag_custom_page_level_css":"","_lmt_disableupdate":"","_lmt_disable":"","cybocfi_hide_featured_image":"","footnotes":""},"class_list":["post-26","page","type-page","status-publish","has-post-thumbnail","hentry"],"uagb_featured_image_src":{"full":["https:\/\/ilvillaggiodelpassante.it\/opera\/WP\/wp-content\/uploads\/2024\/08\/02.jpg",1920,1280,false],"thumbnail":["https:\/\/ilvillaggiodelpassante.it\/opera\/WP\/wp-content\/uploads\/2024\/08\/02-150x150.jpg",150,150,true],"medium":["https:\/\/ilvillaggiodelpassante.it\/opera\/WP\/wp-content\/uploads\/2024\/08\/02-300x200.jpg",300,200,true],"medium_large":["https:\/\/ilvillaggiodelpassante.it\/opera\/WP\/wp-content\/uploads\/2024\/08\/02-768x512.jpg",525,350,true],"large":["https:\/\/ilvillaggiodelpassante.it\/opera\/WP\/wp-content\/uploads\/2024\/08\/02-1024x683.jpg",525,350,true],"1536x1536":["https:\/\/ilvillaggiodelpassante.it\/opera\/WP\/wp-content\/uploads\/2024\/08\/02-1536x1024.jpg",1536,1024,true],"2048x2048":["https:\/\/ilvillaggiodelpassante.it\/opera\/WP\/wp-content\/uploads\/2024\/08\/02.jpg",1920,1280,false],"forest-nature-featured-image":["https:\/\/ilvillaggiodelpassante.it\/opera\/WP\/wp-content\/uploads\/2024\/08\/02-1920x1200.jpg",1920,1200,true],"forest-nature-thumbnail-avatar":["https:\/\/ilvillaggiodelpassante.it\/opera\/WP\/wp-content\/uploads\/2024\/08\/02-100x100.jpg",100,100,true]},"uagb_author_info":{"display_name":"Admin","author_link":"https:\/\/ilvillaggiodelpassante.it\/opera\/WP\/author\/admin\/"},"uagb_comment_info":0,"uagb_excerpt":"\u00abDa una educazione iniziale molto curata nasceranno vantaggi immensi e tali da abbracciare anche tutti gli aspetti pi\u00f9 importanti del benessere pubblico.\u00bb Tancredi di Barolo Noi, comunit\u00e0 educante della Scuola Barolo di Venaria (religiosi e laici), fondiamo la nostra opera sulla convinzione che, nella societ\u00e0 odierna, una scuola si deve caratterizzare non soltanto per la&hellip;","_links":{"self":[{"href":"https:\/\/ilvillaggiodelpassante.it\/opera\/WP\/wp-json\/wp\/v2\/pages\/26","targetHints":{"allow":["GET"]}}],"collection":[{"href":"https:\/\/ilvillaggiodelpassante.it\/opera\/WP\/wp-json\/wp\/v2\/pages"}],"about":[{"href":"https:\/\/ilvillaggiodelpassante.it\/opera\/WP\/wp-json\/wp\/v2\/types\/page"}],"author":[{"embeddable":true,"href":"https:\/\/ilvillaggiodelpassante.it\/opera\/WP\/wp-json\/wp\/v2\/users\/1"}],"replies":[{"embeddable":true,"href":"https:\/\/ilvillaggiodelpassante.it\/opera\/WP\/wp-json\/wp\/v2\/comments?post=26"}],"version-history":[{"count":4,"href":"https:\/\/ilvillaggiodelpassante.it\/opera\/WP\/wp-json\/wp\/v2\/pages\/26\/revisions"}],"predecessor-version":[{"id":777,"href":"https:\/\/ilvillaggiodelpassante.it\/opera\/WP\/wp-json\/wp\/v2\/pages\/26\/revisions\/777"}],"wp:featuredmedia":[{"embeddable":true,"href":"https:\/\/ilvillaggiodelpassante.it\/opera\/WP\/wp-json\/wp\/v2\/media\/776"}],"wp:attachment":[{"href":"https:\/\/ilvillaggiodelpassante.it\/opera\/WP\/wp-json\/wp\/v2\/media?parent=26"}],"curies":[{"name":"wp","href":"https:\/\/api.w.org\/{rel}","templated":true}]}}