{"id":400,"date":"2024-05-15T19:00:45","date_gmt":"2024-05-15T17:00:45","guid":{"rendered":"https:\/\/ilvillaggiodelpassante.it\/opera\/WP\/?page_id=400"},"modified":"2024-08-05T17:16:34","modified_gmt":"2024-08-05T15:16:34","slug":"scuola-primaria","status":"publish","type":"page","link":"https:\/\/ilvillaggiodelpassante.it\/opera\/WP\/didattica\/scuola-primaria\/","title":{"rendered":"Scuola Primaria"},"content":{"rendered":"\n<div class=\"wp-block-buttons has-custom-font-size is-horizontal is-content-justification-right is-nowrap is-layout-flex wp-container-core-buttons-is-layout-f3a42c6d wp-block-buttons-is-layout-flex\" style=\"font-size:14px;font-style:normal;font-weight:600\">\n<div class=\"wp-block-button\"><a class=\"wp-block-button__link wp-element-button\" href=\"https:\/\/web.spaggiari.eu\/home\/app\/default\/login.php?custcode=TOSP0942\">Registro online<\/a><\/div>\n<\/div>\n\n\n\n<p><strong>La Scuola Primaria Barolo di Venaria \u00e8 luogo di esperienza e di vita<\/strong>.<\/p>\n\n\n\n<p>Il bambino giunge a scuola con un bagaglio di esperienza precedentemente maturata in famiglia e alla Scuola dell&#8217;Infanzia; il nostro intento \u00e8 di aiutarlo a sviluppare tutte le capacit\u00e0, prendendo consapevolezza della propria identit\u00e0. La nostra scuola, riconoscendo l\u2019innata curiosit\u00e0 del bambino, gli propone esperienze che consentono di aprirsi al mondo.<\/p>\n\n\n\n<p>Ogni classe \u00e8 affidata alla responsabilit\u00e0 di un docente prevalente, punto di riferimento costante per il bambino a livello culturale ed affettivo a cui vengono affidati gli insegnamenti fondamentali, (Lingua italiana, Matematica, Storia, Cittadinanza e Costituzione, Scienze, Geografia). Rimangono affidati ad insegnanti specialisti l\u2019insegnamento della Lingua inglese, Arte ed Immagine, Religione Cattolica, Musica, Tecnologia ed Informatica e Scienze motorie e sportive.<\/p>\n\n\n\n<p>Attraverso il rapporto con l\u2019insegnante che lo accompagna nel percorso della conoscenza, il bambino entra in rapporto con il mondo che lo circonda ed \u00e8 guidato nello sviluppo di spirito critico, di senso di responsabilit\u00e0 ed amore per la libert\u00e0.<\/p>\n","protected":false},"excerpt":{"rendered":"<p>La Scuola Primaria Barolo di Venaria \u00e8 luogo di esperienza e di vita. Il bambino giunge a scuola con un bagaglio di esperienza precedentemente maturata in famiglia e alla Scuola dell&#8217;Infanzia; il nostro intento \u00e8 di aiutarlo a sviluppare tutte le capacit\u00e0, prendendo consapevolezza della propria identit\u00e0. La nostra scuola, riconoscendo l\u2019innata curiosit\u00e0 del bambino, [&hellip;]<\/p>\n","protected":false},"author":1,"featured_media":817,"parent":45,"menu_order":0,"comment_status":"closed","ping_status":"closed","template":"","meta":{"_stopmodifiedupdate":false,"_modified_date":"","_uag_custom_page_level_css":"","_lmt_disableupdate":"","_lmt_disable":"","cybocfi_hide_featured_image":"","footnotes":""},"class_list":["post-400","page","type-page","status-publish","has-post-thumbnail","hentry"],"uagb_featured_image_src":{"full":["https:\/\/ilvillaggiodelpassante.it\/opera\/WP\/wp-content\/uploads\/2024\/08\/laboratorio_lingue.jpg",1920,1083,false],"thumbnail":["https:\/\/ilvillaggiodelpassante.it\/opera\/WP\/wp-content\/uploads\/2024\/08\/laboratorio_lingue-150x150.jpg",150,150,true],"medium":["https:\/\/ilvillaggiodelpassante.it\/opera\/WP\/wp-content\/uploads\/2024\/08\/laboratorio_lingue-300x169.jpg",300,169,true],"medium_large":["https:\/\/ilvillaggiodelpassante.it\/opera\/WP\/wp-content\/uploads\/2024\/08\/laboratorio_lingue-768x433.jpg",525,296,true],"large":["https:\/\/ilvillaggiodelpassante.it\/opera\/WP\/wp-content\/uploads\/2024\/08\/laboratorio_lingue-1024x578.jpg",525,296,true],"1536x1536":["https:\/\/ilvillaggiodelpassante.it\/opera\/WP\/wp-content\/uploads\/2024\/08\/laboratorio_lingue-1536x866.jpg",1536,866,true],"2048x2048":["https:\/\/ilvillaggiodelpassante.it\/opera\/WP\/wp-content\/uploads\/2024\/08\/laboratorio_lingue.jpg",1920,1083,false],"forest-nature-featured-image":["https:\/\/ilvillaggiodelpassante.it\/opera\/WP\/wp-content\/uploads\/2024\/08\/laboratorio_lingue.jpg",1920,1083,false],"forest-nature-thumbnail-avatar":["https:\/\/ilvillaggiodelpassante.it\/opera\/WP\/wp-content\/uploads\/2024\/08\/laboratorio_lingue-100x100.jpg",100,100,true]},"uagb_author_info":{"display_name":"Admin","author_link":"https:\/\/ilvillaggiodelpassante.it\/opera\/WP\/author\/admin\/"},"uagb_comment_info":0,"uagb_excerpt":"La Scuola Primaria Barolo di Venaria \u00e8 luogo di esperienza e di vita. Il bambino giunge a scuola con un bagaglio di esperienza precedentemente maturata in famiglia e alla Scuola dell&#8217;Infanzia; il nostro intento \u00e8 di aiutarlo a sviluppare tutte le capacit\u00e0, prendendo consapevolezza della propria identit\u00e0. La nostra scuola, riconoscendo l\u2019innata curiosit\u00e0 del bambino,&hellip;","_links":{"self":[{"href":"https:\/\/ilvillaggiodelpassante.it\/opera\/WP\/wp-json\/wp\/v2\/pages\/400","targetHints":{"allow":["GET"]}}],"collection":[{"href":"https:\/\/ilvillaggiodelpassante.it\/opera\/WP\/wp-json\/wp\/v2\/pages"}],"about":[{"href":"https:\/\/ilvillaggiodelpassante.it\/opera\/WP\/wp-json\/wp\/v2\/types\/page"}],"author":[{"embeddable":true,"href":"https:\/\/ilvillaggiodelpassante.it\/opera\/WP\/wp-json\/wp\/v2\/users\/1"}],"replies":[{"embeddable":true,"href":"https:\/\/ilvillaggiodelpassante.it\/opera\/WP\/wp-json\/wp\/v2\/comments?post=400"}],"version-history":[{"count":7,"href":"https:\/\/ilvillaggiodelpassante.it\/opera\/WP\/wp-json\/wp\/v2\/pages\/400\/revisions"}],"predecessor-version":[{"id":884,"href":"https:\/\/ilvillaggiodelpassante.it\/opera\/WP\/wp-json\/wp\/v2\/pages\/400\/revisions\/884"}],"up":[{"embeddable":true,"href":"https:\/\/ilvillaggiodelpassante.it\/opera\/WP\/wp-json\/wp\/v2\/pages\/45"}],"wp:featuredmedia":[{"embeddable":true,"href":"https:\/\/ilvillaggiodelpassante.it\/opera\/WP\/wp-json\/wp\/v2\/media\/817"}],"wp:attachment":[{"href":"https:\/\/ilvillaggiodelpassante.it\/opera\/WP\/wp-json\/wp\/v2\/media?parent=400"}],"curies":[{"name":"wp","href":"https:\/\/api.w.org\/{rel}","templated":true}]}}