{"id":448,"date":"2024-05-15T20:18:18","date_gmt":"2024-05-15T18:18:18","guid":{"rendered":"https:\/\/ilvillaggiodelpassante.it\/opera\/WP\/?page_id=448"},"modified":"2024-08-05T17:58:02","modified_gmt":"2024-08-05T15:58:02","slug":"attivita-extracurriculari","status":"publish","type":"page","link":"https:\/\/ilvillaggiodelpassante.it\/opera\/WP\/didattica\/attivita-extracurriculari\/","title":{"rendered":"Attivit\u00e0 extracurriculari"},"content":{"rendered":"\n<p>La scuola offre la possibilit\u00e0 di partecipare ad attivit\u00e0 facoltative che si svolgono oltre le normali ore curricolari. Esse vengono svolte una volta la settimana da personale qualificato di associazioni esterne, nei locali della scuola. I corsi verranno avviati sulla base di un numero minimo di iscritti.<\/p>\n\n\n\n<p><\/p>\n\n\n\n<h4 class=\"wp-block-heading\">Le nostre Attivit\u00e0 EXTRA-CURRICULARI sono:<\/h4>\n\n\n\n<ul class=\"wp-block-list\">\n<li>Coro<\/li>\n\n\n\n<li>Chitarra<\/li>\n\n\n\n<li>Gioco Motricit\u00e0<\/li>\n\n\n\n<li>Teatro<\/li>\n\n\n\n<li>Doppiaggio<\/li>\n\n\n\n<li>Manualit\u00e0\/Creativit\u00e0<\/li>\n\n\n\n<li>Atletica, Hitball-Ping Pong<\/li>\n<\/ul>\n\n\n\n<h3 class=\"wp-block-heading\">Sport amico dei bambini<\/h3>\n\n\n<div class=\"wp-block-image\">\n<figure class=\"alignright size-medium\"><img loading=\"lazy\" decoding=\"async\" width=\"300\" height=\"200\" src=\"https:\/\/ilvillaggiodelpassante.it\/opera\/WP\/wp-content\/uploads\/2024\/08\/hal-gatewood-AzDHa9F9uBY-unsplash-300x200.jpg\" alt=\"\" class=\"wp-image-903\" srcset=\"https:\/\/ilvillaggiodelpassante.it\/opera\/WP\/wp-content\/uploads\/2024\/08\/hal-gatewood-AzDHa9F9uBY-unsplash-300x200.jpg 300w, https:\/\/ilvillaggiodelpassante.it\/opera\/WP\/wp-content\/uploads\/2024\/08\/hal-gatewood-AzDHa9F9uBY-unsplash-1024x683.jpg 1024w, https:\/\/ilvillaggiodelpassante.it\/opera\/WP\/wp-content\/uploads\/2024\/08\/hal-gatewood-AzDHa9F9uBY-unsplash-768x512.jpg 768w, https:\/\/ilvillaggiodelpassante.it\/opera\/WP\/wp-content\/uploads\/2024\/08\/hal-gatewood-AzDHa9F9uBY-unsplash-1536x1024.jpg 1536w, https:\/\/ilvillaggiodelpassante.it\/opera\/WP\/wp-content\/uploads\/2024\/08\/hal-gatewood-AzDHa9F9uBY-unsplash-2048x1365.jpg 2048w\" sizes=\"auto, (max-width: 300px) 100vw, 300px\" \/><\/figure>\n<\/div>\n\n\n<p><strong>Lo sport<\/strong> \u00e8 un <strong>elemento fondamentale per il sano sviluppo dei bambini,<\/strong> tanto da esser stato riconosciuto dalle Nazioni Unite come un diritto fondamentale:<br><br><strong>&#8220;Gli Stati parti riconoscono al fanciullo il diritto al riposo e al tempo libero, a dedicarsi al gioco e ad attivit\u00e0 ricreative proprie della sua et\u00e0 e a partecipare liberamente alla vita culturale ed artistica [&#8230;]&#8221;.<\/strong><em> (articolo 31 della Convenzione sui diritti dell&#8217;infanzia)<\/em><\/p>\n\n\n\n<p><strong>L&#8217;attivit\u00e0 fisica regolare<\/strong><\/p>\n\n\n\n<ul class=\"wp-block-list\">\n<li>irrobustisce il fisico e ne previene le malattie<\/li>\n\n\n\n<li>sviluppa e aiuta a mantenere sano l&#8217;apparato osseo<\/li>\n\n\n\n<li>aiuta a controllare il peso corporeo<\/li>\n\n\n\n<li>aiuta a ridurre il grasso e la pressione sanguigna<\/li>\n\n\n\n<li>riduce lo stress, l&#8217;ansia, la depressione e la sensazione di solitudine<\/li>\n\n\n\n<li>prepara i bambini all&#8217;apprendimento futuro<\/li>\n\n\n\n<li>migliora il rendimento scolastico<\/li>\n<\/ul>\n\n\n\n<p><strong>Lo sport,<\/strong> infine, <strong>insegna importanti valori<\/strong> quali amicizia, solidariet\u00e0, lealt\u00e0, lavoro di squadra, autodisciplina, autostima, fiducia in s\u00e9 e negli altri, rispetto degli altri, modestia, comunicazione, leadership, capacit\u00e0 di affrontare i problemi, ma anche interdipendenza.<\/p>\n","protected":false},"excerpt":{"rendered":"<p>La scuola offre la possibilit\u00e0 di partecipare ad attivit\u00e0 facoltative che si svolgono oltre le normali ore curricolari. Esse vengono svolte una volta la settimana da personale qualificato di associazioni esterne, nei locali della scuola. I corsi verranno avviati sulla base di un numero minimo di iscritti. Le nostre Attivit\u00e0 EXTRA-CURRICULARI sono: Sport amico dei [&hellip;]<\/p>\n","protected":false},"author":1,"featured_media":904,"parent":45,"menu_order":0,"comment_status":"closed","ping_status":"closed","template":"","meta":{"_stopmodifiedupdate":false,"_modified_date":"","_uag_custom_page_level_css":"","_lmt_disableupdate":"","_lmt_disable":"","cybocfi_hide_featured_image":"","footnotes":""},"class_list":["post-448","page","type-page","status-publish","has-post-thumbnail","hentry"],"uagb_featured_image_src":{"full":["https:\/\/ilvillaggiodelpassante.it\/opera\/WP\/wp-content\/uploads\/2024\/08\/tim-arterbury-VkwRmha1_tI-unsplash-scaled.jpg",2560,1528,false],"thumbnail":["https:\/\/ilvillaggiodelpassante.it\/opera\/WP\/wp-content\/uploads\/2024\/08\/tim-arterbury-VkwRmha1_tI-unsplash-150x150.jpg",150,150,true],"medium":["https:\/\/ilvillaggiodelpassante.it\/opera\/WP\/wp-content\/uploads\/2024\/08\/tim-arterbury-VkwRmha1_tI-unsplash-300x179.jpg",300,179,true],"medium_large":["https:\/\/ilvillaggiodelpassante.it\/opera\/WP\/wp-content\/uploads\/2024\/08\/tim-arterbury-VkwRmha1_tI-unsplash-768x458.jpg",525,313,true],"large":["https:\/\/ilvillaggiodelpassante.it\/opera\/WP\/wp-content\/uploads\/2024\/08\/tim-arterbury-VkwRmha1_tI-unsplash-1024x611.jpg",525,313,true],"1536x1536":["https:\/\/ilvillaggiodelpassante.it\/opera\/WP\/wp-content\/uploads\/2024\/08\/tim-arterbury-VkwRmha1_tI-unsplash-1536x917.jpg",1536,917,true],"2048x2048":["https:\/\/ilvillaggiodelpassante.it\/opera\/WP\/wp-content\/uploads\/2024\/08\/tim-arterbury-VkwRmha1_tI-unsplash-2048x1223.jpg",2048,1223,true],"forest-nature-featured-image":["https:\/\/ilvillaggiodelpassante.it\/opera\/WP\/wp-content\/uploads\/2024\/08\/tim-arterbury-VkwRmha1_tI-unsplash-2000x1200.jpg",2000,1200,true],"forest-nature-thumbnail-avatar":["https:\/\/ilvillaggiodelpassante.it\/opera\/WP\/wp-content\/uploads\/2024\/08\/tim-arterbury-VkwRmha1_tI-unsplash-100x100.jpg",100,100,true]},"uagb_author_info":{"display_name":"Admin","author_link":"https:\/\/ilvillaggiodelpassante.it\/opera\/WP\/author\/admin\/"},"uagb_comment_info":0,"uagb_excerpt":"La scuola offre la possibilit\u00e0 di partecipare ad attivit\u00e0 facoltative che si svolgono oltre le normali ore curricolari. Esse vengono svolte una volta la settimana da personale qualificato di associazioni esterne, nei locali della scuola. I corsi verranno avviati sulla base di un numero minimo di iscritti. Le nostre Attivit\u00e0 EXTRA-CURRICULARI sono: Sport amico dei&hellip;","_links":{"self":[{"href":"https:\/\/ilvillaggiodelpassante.it\/opera\/WP\/wp-json\/wp\/v2\/pages\/448","targetHints":{"allow":["GET"]}}],"collection":[{"href":"https:\/\/ilvillaggiodelpassante.it\/opera\/WP\/wp-json\/wp\/v2\/pages"}],"about":[{"href":"https:\/\/ilvillaggiodelpassante.it\/opera\/WP\/wp-json\/wp\/v2\/types\/page"}],"author":[{"embeddable":true,"href":"https:\/\/ilvillaggiodelpassante.it\/opera\/WP\/wp-json\/wp\/v2\/users\/1"}],"replies":[{"embeddable":true,"href":"https:\/\/ilvillaggiodelpassante.it\/opera\/WP\/wp-json\/wp\/v2\/comments?post=448"}],"version-history":[{"count":15,"href":"https:\/\/ilvillaggiodelpassante.it\/opera\/WP\/wp-json\/wp\/v2\/pages\/448\/revisions"}],"predecessor-version":[{"id":907,"href":"https:\/\/ilvillaggiodelpassante.it\/opera\/WP\/wp-json\/wp\/v2\/pages\/448\/revisions\/907"}],"up":[{"embeddable":true,"href":"https:\/\/ilvillaggiodelpassante.it\/opera\/WP\/wp-json\/wp\/v2\/pages\/45"}],"wp:featuredmedia":[{"embeddable":true,"href":"https:\/\/ilvillaggiodelpassante.it\/opera\/WP\/wp-json\/wp\/v2\/media\/904"}],"wp:attachment":[{"href":"https:\/\/ilvillaggiodelpassante.it\/opera\/WP\/wp-json\/wp\/v2\/media?parent=448"}],"curies":[{"name":"wp","href":"https:\/\/api.w.org\/{rel}","templated":true}]}}