{"id":831,"date":"2024-08-05T11:39:54","date_gmt":"2024-08-05T09:39:54","guid":{"rendered":"https:\/\/ilvillaggiodelpassante.it\/opera\/WP\/?page_id=831"},"modified":"2024-08-05T12:00:43","modified_gmt":"2024-08-05T10:00:43","slug":"contatti","status":"publish","type":"page","link":"https:\/\/ilvillaggiodelpassante.it\/opera\/WP\/contatti\/","title":{"rendered":"Contatti"},"content":{"rendered":"\n<p><\/p>\n\n\n\n<h2 class=\"wp-block-heading\">Scuola Primaria Paritaria &#8220;BAROLO&#8221; di Venaria<\/h2>\n\n\n\n<p class=\"has-medium-font-size\">Via San Marchese, 4 &#8211; 10078 Venaria Reale (TO)<br>Tel: 011 45 26 459 &#8211; Fax: 011 42 22 844 &#8211; E-mail: <a href=\"mailto:scuola@palazzobarolo.it\">scuola@palazzobarolo.it<\/a><br><\/p>\n\n\n\n<div class=\"wp-block-uagb-separator uagb-block-3e586df0\"><div class=\"wp-block-uagb-separator__inner\" style=\"--my-background-image:\"><\/div><\/div>\n\n\n\n<h3 class=\"wp-block-heading\">Ruoli istituzionali<\/h3>\n\n\n\n<figure style=\"font-size:16px\" class=\"wp-block-table\"><table class=\"has-fixed-layout\"><thead><tr><th>Ruolo<\/th><th>Nominativo<\/th><th>Ricevimento<\/th><\/tr><\/thead><tbody><tr><td>Direttrice Didattica<\/td><td>Gloria Gianna Rossini<\/td><td>Dal luned\u00ec al venerd\u00ec su appuntamento.<\/td><\/tr><tr><td>Segretaria<\/td><td>Mara Sandri<\/td><td>Su appuntamento dal Luned\u00ec al Gioved\u00ec dalle 8:30 alle 10:30 (oppure in un altro orario concordato)<\/td><\/tr><\/tbody><\/table><\/figure>\n\n\n\n<h3 class=\"wp-block-heading\">Orario Segreteria<\/h3>\n\n\n\n<figure style=\"font-size:16px\" class=\"wp-block-table\"><table class=\"has-fixed-layout\"><thead><tr><th>Giorno della settimana<\/th><th>Orario<\/th><\/tr><\/thead><tbody><tr><td>Luned\u00ec<\/td><td>08:30 &#8211; 10:30<\/td><\/tr><tr><td>Marted\u00ec<\/td><td>14:00 &#8211; 16:00<\/td><\/tr><tr><td>Mercoled\u00ec<\/td><td>08:30 &#8211; 10:30<\/td><\/tr><tr><td>Gioved\u00ec<\/td><td>14:00 &#8211; 16:00<\/td><\/tr><tr><td>Venerd\u00ec<\/td><td>08:30 &#8211; 10:30<\/td><\/tr><tr><td>Sabato<\/td><td>Chiuso<\/td><\/tr><\/tbody><\/table><\/figure>\n","protected":false},"excerpt":{"rendered":"<p>Scuola Primaria Paritaria &#8220;BAROLO&#8221; di Venaria Via San Marchese, 4 &#8211; 10078 Venaria Reale (TO)Tel: 011 45 26 459 &#8211; Fax: 011 42 22 844 &#8211; E-mail: scuola@palazzobarolo.it Ruoli istituzionali Ruolo Nominativo Ricevimento Direttrice Didattica Gloria Gianna Rossini Dal luned\u00ec al venerd\u00ec su appuntamento. Segretaria Mara Sandri Su appuntamento dal Luned\u00ec al Gioved\u00ec dalle 8:30 [&hellip;]<\/p>\n","protected":false},"author":1,"featured_media":835,"parent":0,"menu_order":0,"comment_status":"closed","ping_status":"closed","template":"","meta":{"_stopmodifiedupdate":false,"_modified_date":"","_uag_custom_page_level_css":"","_lmt_disableupdate":"","_lmt_disable":"","cybocfi_hide_featured_image":"","footnotes":""},"class_list":["post-831","page","type-page","status-publish","has-post-thumbnail","hentry"],"uagb_featured_image_src":{"full":["https:\/\/ilvillaggiodelpassante.it\/opera\/WP\/wp-content\/uploads\/2024\/08\/austin-distel-Imc-IoZDMXc-unsplash-scaled.jpg",2560,1707,false],"thumbnail":["https:\/\/ilvillaggiodelpassante.it\/opera\/WP\/wp-content\/uploads\/2024\/08\/austin-distel-Imc-IoZDMXc-unsplash-150x150.jpg",150,150,true],"medium":["https:\/\/ilvillaggiodelpassante.it\/opera\/WP\/wp-content\/uploads\/2024\/08\/austin-distel-Imc-IoZDMXc-unsplash-300x200.jpg",300,200,true],"medium_large":["https:\/\/ilvillaggiodelpassante.it\/opera\/WP\/wp-content\/uploads\/2024\/08\/austin-distel-Imc-IoZDMXc-unsplash-768x512.jpg",525,350,true],"large":["https:\/\/ilvillaggiodelpassante.it\/opera\/WP\/wp-content\/uploads\/2024\/08\/austin-distel-Imc-IoZDMXc-unsplash-1024x683.jpg",525,350,true],"1536x1536":["https:\/\/ilvillaggiodelpassante.it\/opera\/WP\/wp-content\/uploads\/2024\/08\/austin-distel-Imc-IoZDMXc-unsplash-1536x1024.jpg",1536,1024,true],"2048x2048":["https:\/\/ilvillaggiodelpassante.it\/opera\/WP\/wp-content\/uploads\/2024\/08\/austin-distel-Imc-IoZDMXc-unsplash-2048x1365.jpg",2048,1365,true],"forest-nature-featured-image":["https:\/\/ilvillaggiodelpassante.it\/opera\/WP\/wp-content\/uploads\/2024\/08\/austin-distel-Imc-IoZDMXc-unsplash-2000x1200.jpg",2000,1200,true],"forest-nature-thumbnail-avatar":["https:\/\/ilvillaggiodelpassante.it\/opera\/WP\/wp-content\/uploads\/2024\/08\/austin-distel-Imc-IoZDMXc-unsplash-100x100.jpg",100,100,true]},"uagb_author_info":{"display_name":"Admin","author_link":"https:\/\/ilvillaggiodelpassante.it\/opera\/WP\/author\/admin\/"},"uagb_comment_info":0,"uagb_excerpt":"Scuola Primaria Paritaria &#8220;BAROLO&#8221; di Venaria Via San Marchese, 4 &#8211; 10078 Venaria Reale (TO)Tel: 011 45 26 459 &#8211; Fax: 011 42 22 844 &#8211; E-mail: scuola@palazzobarolo.it Ruoli istituzionali Ruolo Nominativo Ricevimento Direttrice Didattica Gloria Gianna Rossini Dal luned\u00ec al venerd\u00ec su appuntamento. Segretaria Mara Sandri Su appuntamento dal Luned\u00ec al Gioved\u00ec dalle 8:30&hellip;","_links":{"self":[{"href":"https:\/\/ilvillaggiodelpassante.it\/opera\/WP\/wp-json\/wp\/v2\/pages\/831","targetHints":{"allow":["GET"]}}],"collection":[{"href":"https:\/\/ilvillaggiodelpassante.it\/opera\/WP\/wp-json\/wp\/v2\/pages"}],"about":[{"href":"https:\/\/ilvillaggiodelpassante.it\/opera\/WP\/wp-json\/wp\/v2\/types\/page"}],"author":[{"embeddable":true,"href":"https:\/\/ilvillaggiodelpassante.it\/opera\/WP\/wp-json\/wp\/v2\/users\/1"}],"replies":[{"embeddable":true,"href":"https:\/\/ilvillaggiodelpassante.it\/opera\/WP\/wp-json\/wp\/v2\/comments?post=831"}],"version-history":[{"count":5,"href":"https:\/\/ilvillaggiodelpassante.it\/opera\/WP\/wp-json\/wp\/v2\/pages\/831\/revisions"}],"predecessor-version":[{"id":842,"href":"https:\/\/ilvillaggiodelpassante.it\/opera\/WP\/wp-json\/wp\/v2\/pages\/831\/revisions\/842"}],"wp:featuredmedia":[{"embeddable":true,"href":"https:\/\/ilvillaggiodelpassante.it\/opera\/WP\/wp-json\/wp\/v2\/media\/835"}],"wp:attachment":[{"href":"https:\/\/ilvillaggiodelpassante.it\/opera\/WP\/wp-json\/wp\/v2\/media?parent=831"}],"curies":[{"name":"wp","href":"https:\/\/api.w.org\/{rel}","templated":true}]}}